{"id":4298,"date":"2023-09-25T08:13:34","date_gmt":"2023-09-25T06:13:34","guid":{"rendered":"https:\/\/www.k2000.com\/?page_id=4298"},"modified":"2023-09-25T20:50:09","modified_gmt":"2023-09-25T18:50:09","slug":"sipnosis-itxaso","status":"publish","type":"page","link":"https:\/\/www.k2000.com\/eu\/sipnosis-itxaso\/","title":{"rendered":"Sipnosis Itxaso"},"content":{"rendered":"<p>ITXASO (Nerea Mazo) tiene 17 an\u0303os y es una adolescente divertida, deslenguada y muy pija. La serie comienza cuando ella llega a Donibane, un pueblo de la costa de Euskal Herria. ITXASO siempre ha vivido en Mexico DF, aunque su madre, Elene (Itziar Atienza), nacio\u0301 en este pueblo. Entre madre e hija siempre han hablado en euskera; algo que las ha unido mucho porque, como nadie las entendi\u0301a, lo utilizaban como recurso para comunicarse de forma i\u0301ntima y ajena al resto del mundo. Esta relacio\u0301n tan especial se rompe cuando Elene fallece por un ca\u0301ncer que se la lleva en pocos meses. De repente, ITXASO se queda sola y se ve obligada a trasladarse a Donibane, lugar donde vive su padre, Mikel (Jon Plazaola), un hombre al que no conoce y del que no ha oi\u0301do hablar hasta hace pocas semanas.<\/p>\n<div class=\"page\" title=\"Page 1\">\n<div class=\"layoutArea\">\n<div><\/div>\n<div class=\"column\">Mikel tiene 38 an\u0303os y su vida siempre ha sido el surf. Fue un gran campeo\u0301n en su e\u0301poca y gracias a ello viajo\u0301 por todo el mundo ganando competiciones y recogiendo premios. Hace unos an\u0303os, la vora\u0301gine y las malas compan\u0303i\u0301as le llevaron a conocer el lado oscuro de la vida y desde entonces esta\u0301 intentando escapar de ello. Ahora sobrevive como profesor de surf y tiene una pequen\u0303a escuela donde ensen\u0303a a las nuevas generaciones, no solo a cabalgar sobre las olas, sino a respetar el mar y a amar un deporte que es mucho ma\u0301s que fotos de Instagram y puestas de sol.<\/div>\n<div class=\"column\">\n<p>&nbsp;<\/p>\n<p>La llegada de ITXASO al pueblo supone todo un choque para los dos. Por un lado, ella llega a un espacio donde no conoce a nadie y donde tiene que vivir con un hombre que, supuestamente, tampoco ha sabido que ella existi\u0301a hasta hace muy poco. Por otro lado, para Mikel es asumir la paternidad de una chica que no comprende del todo y que, en parte, no le gusta co\u0301mo ha sido educada. A ITXASO le gusta la moda, el consumo, las redes sociales y el mundo fri\u0301volo y despreocupado en el que vivi\u0301a; mientras que Mikel vive con lo justo y necesario y apuesta por una vida lejos del postureo y lo material.<\/p>\n<p>&nbsp;<\/p>\n<p>Pero Mikel tiene ma\u0301s problemas que la llegada de ITXASO, la economi\u0301a de su escuela no es nada boyante y a esto se an\u0303ade que el duen\u0303o del terreno en el que se ubica, quiere venderlo. Mikel no tiene ni de lejos el dinero que hace falta para comprar esa propiedad y para no perder su negocio, no tiene ma\u0301s remedio que asociarse con Peio (Jon Mendia), un amigo de juventud que tambie\u0301n acaba de aterrizar en Donibane. Mikel y Peio fueron inseparables en un momento dado de sus vidas y juntos desfasaron mucho, quiza\u0301 demasiado. Peio ha vuelto al pueblo con poderi\u0301o econo\u0301mico y aunque a Mikel le da miedo asociarse con e\u0301l, tira hacia adelante, ya que no tiene otra opcio\u0301n. En cuanto estampa su firma en el contrato que les une, Mikel siente que ha vendido su alma al diablo y los acontecimientos le dara\u0301n la razo\u0301n porque Peio basa su e\u0301xito en operaciones muy oscuras y delictivas que van a meter en problemas muy serios al pobre Mikel.<\/p>\n<p>&nbsp;<\/p>\n<p>Por su parte, ITXASO, tendra\u0301 que hacerse a este nuevo mundo sin privilegios en el que ahora esta\u0301 y donde los nuevos amigos que conoce ya no pertenecen a las e\u0301lites que viven tras los altos muros de las urbanizaciones de Me\u0301xico DF, sino que es gente como Abdul (Sambou Diaby) un MENA del que se hace i\u0301ntima amiga o Urko (Aritz Kortabarria), una gran promesa del surf de quien se enamora, pero que proviene de una familia desestructurada y sin recursos econo\u0301micos. Todo ello en un entorno como<\/p>\n<\/div>\n<\/div>\n<\/div>\n<div class=\"page\" title=\"Page 2\">\n<div class=\"layoutArea\">\n<div class=\"column\">\n<p>&nbsp;<\/p>\n<p>Donibane, bello y privilegiado donde convive la pasio\u0301n del surf con la dura realidad de la vida.<\/p>\n<\/div>\n<\/div>\n<\/div>\n<p>&nbsp;<\/p>\n","protected":false},"excerpt":{"rendered":"<p>ITXASO (Nerea Mazo) tiene 17 an\u0303os y es una adolescente divertida, deslenguada y muy pija. La serie comienza cuando ella llega a Donibane, un pueblo de la costa de Euskal Herria. ITXASO siempre ha vivido en Mexico DF, aunque su madre, Elene (Itziar Atienza), nacio\u0301 en este pueblo. Entre madre e hija siempre han hablado &hellip; <a href=\"https:\/\/www.k2000.com\/eu\/sipnosis-itxaso\/\" class=\"more-link\"><\/a><\/p>\n","protected":false},"author":4,"featured_media":0,"parent":0,"menu_order":0,"comment_status":"closed","ping_status":"closed","template":"page-shortcode.php","meta":{"footnotes":""},"class_list":["post-4298","page","type-page","status-publish","hentry"],"yoast_head":"<!-- This site is optimized with the Yoast SEO plugin v27.6 - https:\/\/yoast.com\/product\/yoast-seo-wordpress\/ -->\n<title>Sipnosis Itxaso &#187; K 2000, s.a.u. - Servicios audiovisuales y creaci\u00f3n de contenidos<\/title>\n<meta name=\"description\" content=\"Servicios audiovisuales y creaci\u00f3n de contenidos. Forma parte del grupo Mediapro y cuenta con un centro de producci\u00f3n ubicado en Galdakao (Bizkaia) donde dispone de los medios necesarios para abarcar la totalidad de los procesos de producci\u00f3n audiovisual.\" \/>\n<meta name=\"robots\" content=\"index, follow, max-snippet:-1, max-image-preview:large, max-video-preview:-1\" \/>\n<link rel=\"canonical\" href=\"https:\/\/www.k2000.com\/sipnosis-itxaso\/\" \/>\n<meta property=\"og:locale\" content=\"eu_ES\" \/>\n<meta property=\"og:type\" content=\"article\" \/>\n<meta property=\"og:title\" content=\"Sipnosis Itxaso &#187; K 2000, s.a.u. - Servicios audiovisuales y creaci\u00f3n de contenidos\" \/>\n<meta property=\"og:description\" content=\"Servicios audiovisuales y creaci\u00f3n de contenidos. Forma parte del grupo Mediapro y cuenta con un centro de producci\u00f3n ubicado en Galdakao (Bizkaia) donde dispone de los medios necesarios para abarcar la totalidad de los procesos de producci\u00f3n audiovisual.\" \/>\n<meta property=\"og:url\" content=\"https:\/\/www.k2000.com\/sipnosis-itxaso\/\" \/>\n<meta property=\"og:site_name\" content=\"K 2000, s.a.u. - Servicios audiovisuales y creaci\u00f3n de contenidos\" \/>\n<meta property=\"article:modified_time\" content=\"2023-09-25T18:50:09+00:00\" \/>\n<meta name=\"twitter:card\" content=\"summary_large_image\" \/>\n<meta name=\"twitter:label1\" content=\"Est. reading time\" \/>\n\t<meta name=\"twitter:data1\" content=\"3 minutes\" \/>\n<script type=\"application\/ld+json\" class=\"yoast-schema-graph\">{\"@context\":\"https:\\\/\\\/schema.org\",\"@graph\":[{\"@type\":\"WebPage\",\"@id\":\"https:\\\/\\\/www.k2000.com\\\/sipnosis-itxaso\\\/\",\"url\":\"https:\\\/\\\/www.k2000.com\\\/sipnosis-itxaso\\\/\",\"name\":\"Sipnosis Itxaso &#187; K 2000, s.a.u. - Servicios audiovisuales y creaci\u00f3n de contenidos\",\"isPartOf\":{\"@id\":\"https:\\\/\\\/www.k2000.com\\\/#website\"},\"datePublished\":\"2023-09-25T06:13:34+00:00\",\"dateModified\":\"2023-09-25T18:50:09+00:00\",\"description\":\"Servicios audiovisuales y creaci\u00f3n de contenidos. Forma parte del grupo Mediapro y cuenta con un centro de producci\u00f3n ubicado en Galdakao (Bizkaia) donde dispone de los medios necesarios para abarcar la totalidad de los procesos de producci\u00f3n audiovisual.\",\"breadcrumb\":{\"@id\":\"https:\\\/\\\/www.k2000.com\\\/sipnosis-itxaso\\\/#breadcrumb\"},\"inLanguage\":\"eu-ES\",\"potentialAction\":[{\"@type\":\"ReadAction\",\"target\":[\"https:\\\/\\\/www.k2000.com\\\/sipnosis-itxaso\\\/\"]}]},{\"@type\":\"BreadcrumbList\",\"@id\":\"https:\\\/\\\/www.k2000.com\\\/sipnosis-itxaso\\\/#breadcrumb\",\"itemListElement\":[{\"@type\":\"ListItem\",\"position\":1,\"name\":\"Portada\",\"item\":\"https:\\\/\\\/www.k2000.com\\\/eu\\\/\"},{\"@type\":\"ListItem\",\"position\":2,\"name\":\"Sipnosis Itxaso\"}]},{\"@type\":\"WebSite\",\"@id\":\"https:\\\/\\\/www.k2000.com\\\/#website\",\"url\":\"https:\\\/\\\/www.k2000.com\\\/\",\"name\":\"K 2000, s.a.u. - Servicios audiovisuales y creaci\u00f3n de contenidos\",\"description\":\"K 2000 s.a.u. es una empresa perteneciente al grupo MEDIAPRO que cuenta con un centro de producci\u00f3n ubicado en Galdakao (Bizkaia) donde dispone de los medios necesarios para abarcar la totalidad de los procesos de producci\u00f3n audiovisual y creaci\u00f3n de contenidos, tanto en video y\\\/o cine.\",\"potentialAction\":[{\"@type\":\"SearchAction\",\"target\":{\"@type\":\"EntryPoint\",\"urlTemplate\":\"https:\\\/\\\/www.k2000.com\\\/?s={search_term_string}\"},\"query-input\":{\"@type\":\"PropertyValueSpecification\",\"valueRequired\":true,\"valueName\":\"search_term_string\"}}],\"inLanguage\":\"eu-ES\"}]}<\/script>\n<!-- \/ Yoast SEO plugin. -->","yoast_head_json":{"title":"Sipnosis Itxaso &#187; K 2000, s.a.u. - Servicios audiovisuales y creaci\u00f3n de contenidos","description":"Servicios audiovisuales y creaci\u00f3n de contenidos. Forma parte del grupo Mediapro y cuenta con un centro de producci\u00f3n ubicado en Galdakao (Bizkaia) donde dispone de los medios necesarios para abarcar la totalidad de los procesos de producci\u00f3n audiovisual.","robots":{"index":"index","follow":"follow","max-snippet":"max-snippet:-1","max-image-preview":"max-image-preview:large","max-video-preview":"max-video-preview:-1"},"canonical":"https:\/\/www.k2000.com\/sipnosis-itxaso\/","og_locale":"eu_ES","og_type":"article","og_title":"Sipnosis Itxaso &#187; K 2000, s.a.u. - Servicios audiovisuales y creaci\u00f3n de contenidos","og_description":"Servicios audiovisuales y creaci\u00f3n de contenidos. Forma parte del grupo Mediapro y cuenta con un centro de producci\u00f3n ubicado en Galdakao (Bizkaia) donde dispone de los medios necesarios para abarcar la totalidad de los procesos de producci\u00f3n audiovisual.","og_url":"https:\/\/www.k2000.com\/sipnosis-itxaso\/","og_site_name":"K 2000, s.a.u. - Servicios audiovisuales y creaci\u00f3n de contenidos","article_modified_time":"2023-09-25T18:50:09+00:00","twitter_card":"summary_large_image","twitter_misc":{"Est. reading time":"3 minutes"},"schema":{"@context":"https:\/\/schema.org","@graph":[{"@type":"WebPage","@id":"https:\/\/www.k2000.com\/sipnosis-itxaso\/","url":"https:\/\/www.k2000.com\/sipnosis-itxaso\/","name":"Sipnosis Itxaso &#187; K 2000, s.a.u. - Servicios audiovisuales y creaci\u00f3n de contenidos","isPartOf":{"@id":"https:\/\/www.k2000.com\/#website"},"datePublished":"2023-09-25T06:13:34+00:00","dateModified":"2023-09-25T18:50:09+00:00","description":"Servicios audiovisuales y creaci\u00f3n de contenidos. Forma parte del grupo Mediapro y cuenta con un centro de producci\u00f3n ubicado en Galdakao (Bizkaia) donde dispone de los medios necesarios para abarcar la totalidad de los procesos de producci\u00f3n audiovisual.","breadcrumb":{"@id":"https:\/\/www.k2000.com\/sipnosis-itxaso\/#breadcrumb"},"inLanguage":"eu-ES","potentialAction":[{"@type":"ReadAction","target":["https:\/\/www.k2000.com\/sipnosis-itxaso\/"]}]},{"@type":"BreadcrumbList","@id":"https:\/\/www.k2000.com\/sipnosis-itxaso\/#breadcrumb","itemListElement":[{"@type":"ListItem","position":1,"name":"Portada","item":"https:\/\/www.k2000.com\/eu\/"},{"@type":"ListItem","position":2,"name":"Sipnosis Itxaso"}]},{"@type":"WebSite","@id":"https:\/\/www.k2000.com\/#website","url":"https:\/\/www.k2000.com\/","name":"K 2000, s.a.u. - Servicios audiovisuales y creaci\u00f3n de contenidos","description":"K 2000 s.a.u. es una empresa perteneciente al grupo MEDIAPRO que cuenta con un centro de producci\u00f3n ubicado en Galdakao (Bizkaia) donde dispone de los medios necesarios para abarcar la totalidad de los procesos de producci\u00f3n audiovisual y creaci\u00f3n de contenidos, tanto en video y\/o cine.","potentialAction":[{"@type":"SearchAction","target":{"@type":"EntryPoint","urlTemplate":"https:\/\/www.k2000.com\/?s={search_term_string}"},"query-input":{"@type":"PropertyValueSpecification","valueRequired":true,"valueName":"search_term_string"}}],"inLanguage":"eu-ES"}]}},"_links":{"self":[{"href":"https:\/\/www.k2000.com\/eu\/wp-json\/wp\/v2\/pages\/4298","targetHints":{"allow":["GET"]}}],"collection":[{"href":"https:\/\/www.k2000.com\/eu\/wp-json\/wp\/v2\/pages"}],"about":[{"href":"https:\/\/www.k2000.com\/eu\/wp-json\/wp\/v2\/types\/page"}],"author":[{"embeddable":true,"href":"https:\/\/www.k2000.com\/eu\/wp-json\/wp\/v2\/users\/4"}],"replies":[{"embeddable":true,"href":"https:\/\/www.k2000.com\/eu\/wp-json\/wp\/v2\/comments?post=4298"}],"version-history":[{"count":1,"href":"https:\/\/www.k2000.com\/eu\/wp-json\/wp\/v2\/pages\/4298\/revisions"}],"predecessor-version":[{"id":4299,"href":"https:\/\/www.k2000.com\/eu\/wp-json\/wp\/v2\/pages\/4298\/revisions\/4299"}],"wp:attachment":[{"href":"https:\/\/www.k2000.com\/eu\/wp-json\/wp\/v2\/media?parent=4298"}],"curies":[{"name":"wp","href":"https:\/\/api.w.org\/{rel}","templated":true}]}}