{"id":3769,"date":"2018-02-08T07:06:57","date_gmt":"2018-02-08T07:06:57","guid":{"rendered":"https:\/\/www.k2000.com\/?page_id=3769"},"modified":"2023-09-03T10:32:37","modified_gmt":"2023-09-03T08:32:37","slug":"nosotros","status":"publish","type":"page","link":"https:\/\/www.k2000.com\/eu\/nosotros\/","title":{"rendered":"Nor garen"},"content":{"rendered":"","protected":false},"excerpt":{"rendered":"","protected":false},"author":3,"featured_media":0,"parent":0,"menu_order":0,"comment_status":"closed","ping_status":"closed","template":"page-shortcode.php","meta":{"footnotes":""},"class_list":["post-3769","page","type-page","status-publish","hentry"],"yoast_head":"<!-- This site is optimized with the Yoast SEO plugin v27.6 - https:\/\/yoast.com\/product\/yoast-seo-wordpress\/ -->\n<title>Nor garen &#187; K 2000, s.a.u. - Servicios audiovisuales y creaci\u00f3n de contenidos<\/title>\n<meta name=\"description\" content=\"Servicios audiovisuales y creaci\u00f3n de contenidos. Forma parte del grupo Mediapro y cuenta con un centro de producci\u00f3n ubicado en Galdakao (Bizkaia) donde dispone de los medios necesarios para abarcar la totalidad de los procesos de producci\u00f3n audiovisual.\" \/>\n<meta name=\"robots\" content=\"index, follow, max-snippet:-1, max-image-preview:large, max-video-preview:-1\" \/>\n<link rel=\"canonical\" href=\"https:\/\/www.k2000.com\/eu\/nosotros\/\" \/>\n<meta property=\"og:locale\" content=\"eu_ES\" \/>\n<meta property=\"og:type\" content=\"article\" \/>\n<meta property=\"og:title\" content=\"Nor garen &#187; K 2000, s.a.u. - Servicios audiovisuales y creaci\u00f3n de contenidos\" \/>\n<meta property=\"og:description\" content=\"Servicios audiovisuales y creaci\u00f3n de contenidos. Forma parte del grupo Mediapro y cuenta con un centro de producci\u00f3n ubicado en Galdakao (Bizkaia) donde dispone de los medios necesarios para abarcar la totalidad de los procesos de producci\u00f3n audiovisual.\" \/>\n<meta property=\"og:url\" content=\"https:\/\/www.k2000.com\/eu\/nosotros\/\" \/>\n<meta property=\"og:site_name\" content=\"K 2000, s.a.u. - Servicios audiovisuales y creaci\u00f3n de contenidos\" \/>\n<meta property=\"article:modified_time\" content=\"2023-09-03T08:32:37+00:00\" \/>\n<meta name=\"twitter:card\" content=\"summary_large_image\" \/>\n<script type=\"application\/ld+json\" class=\"yoast-schema-graph\">{\"@context\":\"https:\\\/\\\/schema.org\",\"@graph\":[{\"@type\":\"WebPage\",\"@id\":\"https:\\\/\\\/www.k2000.com\\\/eu\\\/nosotros\\\/\",\"url\":\"https:\\\/\\\/www.k2000.com\\\/eu\\\/nosotros\\\/\",\"name\":\"Nor garen &#187; K 2000, s.a.u. - Servicios audiovisuales y creaci\u00f3n de contenidos\",\"isPartOf\":{\"@id\":\"https:\\\/\\\/www.k2000.com\\\/#website\"},\"datePublished\":\"2018-02-08T07:06:57+00:00\",\"dateModified\":\"2023-09-03T08:32:37+00:00\",\"description\":\"Servicios audiovisuales y creaci\u00f3n de contenidos. Forma parte del grupo Mediapro y cuenta con un centro de producci\u00f3n ubicado en Galdakao (Bizkaia) donde dispone de los medios necesarios para abarcar la totalidad de los procesos de producci\u00f3n audiovisual.\",\"breadcrumb\":{\"@id\":\"https:\\\/\\\/www.k2000.com\\\/eu\\\/nosotros\\\/#breadcrumb\"},\"inLanguage\":\"eu-ES\",\"potentialAction\":[{\"@type\":\"ReadAction\",\"target\":[\"https:\\\/\\\/www.k2000.com\\\/eu\\\/nosotros\\\/\"]}]},{\"@type\":\"BreadcrumbList\",\"@id\":\"https:\\\/\\\/www.k2000.com\\\/eu\\\/nosotros\\\/#breadcrumb\",\"itemListElement\":[{\"@type\":\"ListItem\",\"position\":1,\"name\":\"Portada\",\"item\":\"https:\\\/\\\/www.k2000.com\\\/eu\\\/\"},{\"@type\":\"ListItem\",\"position\":2,\"name\":\"Nor garen\"}]},{\"@type\":\"WebSite\",\"@id\":\"https:\\\/\\\/www.k2000.com\\\/#website\",\"url\":\"https:\\\/\\\/www.k2000.com\\\/\",\"name\":\"K 2000, s.a.u. - Servicios audiovisuales y creaci\u00f3n de contenidos\",\"description\":\"K 2000 s.a.u. es una empresa perteneciente al grupo MEDIAPRO que cuenta con un centro de producci\u00f3n ubicado en Galdakao (Bizkaia) donde dispone de los medios necesarios para abarcar la totalidad de los procesos de producci\u00f3n audiovisual y creaci\u00f3n de contenidos, tanto en video y\\\/o cine.\",\"potentialAction\":[{\"@type\":\"SearchAction\",\"target\":{\"@type\":\"EntryPoint\",\"urlTemplate\":\"https:\\\/\\\/www.k2000.com\\\/?s={search_term_string}\"},\"query-input\":{\"@type\":\"PropertyValueSpecification\",\"valueRequired\":true,\"valueName\":\"search_term_string\"}}],\"inLanguage\":\"eu-ES\"}]}<\/script>\n<!-- \/ Yoast SEO plugin. -->","yoast_head_json":{"title":"Nor garen &#187; K 2000, s.a.u. - Servicios audiovisuales y creaci\u00f3n de contenidos","description":"Servicios audiovisuales y creaci\u00f3n de contenidos. Forma parte del grupo Mediapro y cuenta con un centro de producci\u00f3n ubicado en Galdakao (Bizkaia) donde dispone de los medios necesarios para abarcar la totalidad de los procesos de producci\u00f3n audiovisual.","robots":{"index":"index","follow":"follow","max-snippet":"max-snippet:-1","max-image-preview":"max-image-preview:large","max-video-preview":"max-video-preview:-1"},"canonical":"https:\/\/www.k2000.com\/eu\/nosotros\/","og_locale":"eu_ES","og_type":"article","og_title":"Nor garen &#187; K 2000, s.a.u. - Servicios audiovisuales y creaci\u00f3n de contenidos","og_description":"Servicios audiovisuales y creaci\u00f3n de contenidos. Forma parte del grupo Mediapro y cuenta con un centro de producci\u00f3n ubicado en Galdakao (Bizkaia) donde dispone de los medios necesarios para abarcar la totalidad de los procesos de producci\u00f3n audiovisual.","og_url":"https:\/\/www.k2000.com\/eu\/nosotros\/","og_site_name":"K 2000, s.a.u. - Servicios audiovisuales y creaci\u00f3n de contenidos","article_modified_time":"2023-09-03T08:32:37+00:00","twitter_card":"summary_large_image","schema":{"@context":"https:\/\/schema.org","@graph":[{"@type":"WebPage","@id":"https:\/\/www.k2000.com\/eu\/nosotros\/","url":"https:\/\/www.k2000.com\/eu\/nosotros\/","name":"Nor garen &#187; K 2000, s.a.u. - Servicios audiovisuales y creaci\u00f3n de contenidos","isPartOf":{"@id":"https:\/\/www.k2000.com\/#website"},"datePublished":"2018-02-08T07:06:57+00:00","dateModified":"2023-09-03T08:32:37+00:00","description":"Servicios audiovisuales y creaci\u00f3n de contenidos. Forma parte del grupo Mediapro y cuenta con un centro de producci\u00f3n ubicado en Galdakao (Bizkaia) donde dispone de los medios necesarios para abarcar la totalidad de los procesos de producci\u00f3n audiovisual.","breadcrumb":{"@id":"https:\/\/www.k2000.com\/eu\/nosotros\/#breadcrumb"},"inLanguage":"eu-ES","potentialAction":[{"@type":"ReadAction","target":["https:\/\/www.k2000.com\/eu\/nosotros\/"]}]},{"@type":"BreadcrumbList","@id":"https:\/\/www.k2000.com\/eu\/nosotros\/#breadcrumb","itemListElement":[{"@type":"ListItem","position":1,"name":"Portada","item":"https:\/\/www.k2000.com\/eu\/"},{"@type":"ListItem","position":2,"name":"Nor garen"}]},{"@type":"WebSite","@id":"https:\/\/www.k2000.com\/#website","url":"https:\/\/www.k2000.com\/","name":"K 2000, s.a.u. - Servicios audiovisuales y creaci\u00f3n de contenidos","description":"K 2000 s.a.u. es una empresa perteneciente al grupo MEDIAPRO que cuenta con un centro de producci\u00f3n ubicado en Galdakao (Bizkaia) donde dispone de los medios necesarios para abarcar la totalidad de los procesos de producci\u00f3n audiovisual y creaci\u00f3n de contenidos, tanto en video y\/o cine.","potentialAction":[{"@type":"SearchAction","target":{"@type":"EntryPoint","urlTemplate":"https:\/\/www.k2000.com\/?s={search_term_string}"},"query-input":{"@type":"PropertyValueSpecification","valueRequired":true,"valueName":"search_term_string"}}],"inLanguage":"eu-ES"}]}},"_links":{"self":[{"href":"https:\/\/www.k2000.com\/eu\/wp-json\/wp\/v2\/pages\/3769","targetHints":{"allow":["GET"]}}],"collection":[{"href":"https:\/\/www.k2000.com\/eu\/wp-json\/wp\/v2\/pages"}],"about":[{"href":"https:\/\/www.k2000.com\/eu\/wp-json\/wp\/v2\/types\/page"}],"author":[{"embeddable":true,"href":"https:\/\/www.k2000.com\/eu\/wp-json\/wp\/v2\/users\/3"}],"replies":[{"embeddable":true,"href":"https:\/\/www.k2000.com\/eu\/wp-json\/wp\/v2\/comments?post=3769"}],"version-history":[{"count":4,"href":"https:\/\/www.k2000.com\/eu\/wp-json\/wp\/v2\/pages\/3769\/revisions"}],"predecessor-version":[{"id":4273,"href":"https:\/\/www.k2000.com\/eu\/wp-json\/wp\/v2\/pages\/3769\/revisions\/4273"}],"wp:attachment":[{"href":"https:\/\/www.k2000.com\/eu\/wp-json\/wp\/v2\/media?parent=3769"}],"curies":[{"name":"wp","href":"https:\/\/api.w.org\/{rel}","templated":true}]}}