{"id":3744,"date":"2021-11-24T10:44:17","date_gmt":"2021-11-24T09:44:17","guid":{"rendered":"https:\/\/www.k2000.com\/?page_id=3744"},"modified":"2022-06-19T16:45:58","modified_gmt":"2022-06-19T14:45:58","slug":"lan-eskaintza","status":"publish","type":"page","link":"https:\/\/www.k2000.com\/eu\/lan-eskaintza\/","title":{"rendered":"Lan egin gurekin"},"content":{"rendered":"<p>Actualmente no tenemos activas ofertas laborales.<\/p>\n","protected":false},"excerpt":{"rendered":"<p>Actualmente no tenemos activas ofertas laborales.<\/p>\n","protected":false},"author":3,"featured_media":0,"parent":0,"menu_order":0,"comment_status":"closed","ping_status":"closed","template":"","meta":{"footnotes":""},"class_list":["post-3744","page","type-page","status-publish","hentry"],"yoast_head":"<!-- This site is optimized with the Yoast SEO plugin v27.5 - https:\/\/yoast.com\/product\/yoast-seo-wordpress\/ -->\n<title>Lan egin gurekin &#187; K 2000, s.a.u. - Servicios audiovisuales y creaci\u00f3n de contenidos<\/title>\n<meta name=\"description\" content=\"Servicios audiovisuales y creaci\u00f3n de contenidos. Forma parte del grupo Mediapro y cuenta con un centro de producci\u00f3n ubicado en Galdakao (Bizkaia) donde dispone de los medios necesarios para abarcar la totalidad de los procesos de producci\u00f3n audiovisual.\" \/>\n<meta name=\"robots\" content=\"index, follow, max-snippet:-1, max-image-preview:large, max-video-preview:-1\" \/>\n<link rel=\"canonical\" href=\"https:\/\/www.k2000.com\/eu\/lan-eskaintza\/\" \/>\n<meta property=\"og:locale\" content=\"eu_ES\" \/>\n<meta property=\"og:type\" content=\"article\" \/>\n<meta property=\"og:title\" content=\"Lan egin gurekin &#187; K 2000, s.a.u. - Servicios audiovisuales y creaci\u00f3n de contenidos\" \/>\n<meta property=\"og:description\" content=\"Servicios audiovisuales y creaci\u00f3n de contenidos. Forma parte del grupo Mediapro y cuenta con un centro de producci\u00f3n ubicado en Galdakao (Bizkaia) donde dispone de los medios necesarios para abarcar la totalidad de los procesos de producci\u00f3n audiovisual.\" \/>\n<meta property=\"og:url\" content=\"https:\/\/www.k2000.com\/eu\/lan-eskaintza\/\" \/>\n<meta property=\"og:site_name\" content=\"K 2000, s.a.u. - Servicios audiovisuales y creaci\u00f3n de contenidos\" \/>\n<meta property=\"article:modified_time\" content=\"2022-06-19T14:45:58+00:00\" \/>\n<meta name=\"twitter:card\" content=\"summary_large_image\" \/>\n<script type=\"application\/ld+json\" class=\"yoast-schema-graph\">{\"@context\":\"https:\\\/\\\/schema.org\",\"@graph\":[{\"@type\":\"WebPage\",\"@id\":\"https:\\\/\\\/www.k2000.com\\\/eu\\\/lan-eskaintza\\\/\",\"url\":\"https:\\\/\\\/www.k2000.com\\\/eu\\\/lan-eskaintza\\\/\",\"name\":\"Lan egin gurekin &#187; K 2000, s.a.u. - Servicios audiovisuales y creaci\u00f3n de contenidos\",\"isPartOf\":{\"@id\":\"https:\\\/\\\/www.k2000.com\\\/#website\"},\"datePublished\":\"2021-11-24T09:44:17+00:00\",\"dateModified\":\"2022-06-19T14:45:58+00:00\",\"description\":\"Servicios audiovisuales y creaci\u00f3n de contenidos. Forma parte del grupo Mediapro y cuenta con un centro de producci\u00f3n ubicado en Galdakao (Bizkaia) donde dispone de los medios necesarios para abarcar la totalidad de los procesos de producci\u00f3n audiovisual.\",\"breadcrumb\":{\"@id\":\"https:\\\/\\\/www.k2000.com\\\/eu\\\/lan-eskaintza\\\/#breadcrumb\"},\"inLanguage\":\"eu-ES\",\"potentialAction\":[{\"@type\":\"ReadAction\",\"target\":[\"https:\\\/\\\/www.k2000.com\\\/eu\\\/lan-eskaintza\\\/\"]}]},{\"@type\":\"BreadcrumbList\",\"@id\":\"https:\\\/\\\/www.k2000.com\\\/eu\\\/lan-eskaintza\\\/#breadcrumb\",\"itemListElement\":[{\"@type\":\"ListItem\",\"position\":1,\"name\":\"Portada\",\"item\":\"https:\\\/\\\/www.k2000.com\\\/eu\\\/\"},{\"@type\":\"ListItem\",\"position\":2,\"name\":\"Lan egin gurekin\"}]},{\"@type\":\"WebSite\",\"@id\":\"https:\\\/\\\/www.k2000.com\\\/#website\",\"url\":\"https:\\\/\\\/www.k2000.com\\\/\",\"name\":\"K 2000, s.a.u. - Servicios audiovisuales y creaci\u00f3n de contenidos\",\"description\":\"K 2000 s.a.u. es una empresa perteneciente al grupo MEDIAPRO que cuenta con un centro de producci\u00f3n ubicado en Galdakao (Bizkaia) donde dispone de los medios necesarios para abarcar la totalidad de los procesos de producci\u00f3n audiovisual y creaci\u00f3n de contenidos, tanto en video y\\\/o cine.\",\"potentialAction\":[{\"@type\":\"SearchAction\",\"target\":{\"@type\":\"EntryPoint\",\"urlTemplate\":\"https:\\\/\\\/www.k2000.com\\\/?s={search_term_string}\"},\"query-input\":{\"@type\":\"PropertyValueSpecification\",\"valueRequired\":true,\"valueName\":\"search_term_string\"}}],\"inLanguage\":\"eu-ES\"}]}<\/script>\n<!-- \/ Yoast SEO plugin. -->","yoast_head_json":{"title":"Lan egin gurekin &#187; K 2000, s.a.u. - Servicios audiovisuales y creaci\u00f3n de contenidos","description":"Servicios audiovisuales y creaci\u00f3n de contenidos. Forma parte del grupo Mediapro y cuenta con un centro de producci\u00f3n ubicado en Galdakao (Bizkaia) donde dispone de los medios necesarios para abarcar la totalidad de los procesos de producci\u00f3n audiovisual.","robots":{"index":"index","follow":"follow","max-snippet":"max-snippet:-1","max-image-preview":"max-image-preview:large","max-video-preview":"max-video-preview:-1"},"canonical":"https:\/\/www.k2000.com\/eu\/lan-eskaintza\/","og_locale":"eu_ES","og_type":"article","og_title":"Lan egin gurekin &#187; K 2000, s.a.u. - Servicios audiovisuales y creaci\u00f3n de contenidos","og_description":"Servicios audiovisuales y creaci\u00f3n de contenidos. Forma parte del grupo Mediapro y cuenta con un centro de producci\u00f3n ubicado en Galdakao (Bizkaia) donde dispone de los medios necesarios para abarcar la totalidad de los procesos de producci\u00f3n audiovisual.","og_url":"https:\/\/www.k2000.com\/eu\/lan-eskaintza\/","og_site_name":"K 2000, s.a.u. - Servicios audiovisuales y creaci\u00f3n de contenidos","article_modified_time":"2022-06-19T14:45:58+00:00","twitter_card":"summary_large_image","schema":{"@context":"https:\/\/schema.org","@graph":[{"@type":"WebPage","@id":"https:\/\/www.k2000.com\/eu\/lan-eskaintza\/","url":"https:\/\/www.k2000.com\/eu\/lan-eskaintza\/","name":"Lan egin gurekin &#187; K 2000, s.a.u. - Servicios audiovisuales y creaci\u00f3n de contenidos","isPartOf":{"@id":"https:\/\/www.k2000.com\/#website"},"datePublished":"2021-11-24T09:44:17+00:00","dateModified":"2022-06-19T14:45:58+00:00","description":"Servicios audiovisuales y creaci\u00f3n de contenidos. Forma parte del grupo Mediapro y cuenta con un centro de producci\u00f3n ubicado en Galdakao (Bizkaia) donde dispone de los medios necesarios para abarcar la totalidad de los procesos de producci\u00f3n audiovisual.","breadcrumb":{"@id":"https:\/\/www.k2000.com\/eu\/lan-eskaintza\/#breadcrumb"},"inLanguage":"eu-ES","potentialAction":[{"@type":"ReadAction","target":["https:\/\/www.k2000.com\/eu\/lan-eskaintza\/"]}]},{"@type":"BreadcrumbList","@id":"https:\/\/www.k2000.com\/eu\/lan-eskaintza\/#breadcrumb","itemListElement":[{"@type":"ListItem","position":1,"name":"Portada","item":"https:\/\/www.k2000.com\/eu\/"},{"@type":"ListItem","position":2,"name":"Lan egin gurekin"}]},{"@type":"WebSite","@id":"https:\/\/www.k2000.com\/#website","url":"https:\/\/www.k2000.com\/","name":"K 2000, s.a.u. - Servicios audiovisuales y creaci\u00f3n de contenidos","description":"K 2000 s.a.u. es una empresa perteneciente al grupo MEDIAPRO que cuenta con un centro de producci\u00f3n ubicado en Galdakao (Bizkaia) donde dispone de los medios necesarios para abarcar la totalidad de los procesos de producci\u00f3n audiovisual y creaci\u00f3n de contenidos, tanto en video y\/o cine.","potentialAction":[{"@type":"SearchAction","target":{"@type":"EntryPoint","urlTemplate":"https:\/\/www.k2000.com\/?s={search_term_string}"},"query-input":{"@type":"PropertyValueSpecification","valueRequired":true,"valueName":"search_term_string"}}],"inLanguage":"eu-ES"}]}},"_links":{"self":[{"href":"https:\/\/www.k2000.com\/eu\/wp-json\/wp\/v2\/pages\/3744","targetHints":{"allow":["GET"]}}],"collection":[{"href":"https:\/\/www.k2000.com\/eu\/wp-json\/wp\/v2\/pages"}],"about":[{"href":"https:\/\/www.k2000.com\/eu\/wp-json\/wp\/v2\/types\/page"}],"author":[{"embeddable":true,"href":"https:\/\/www.k2000.com\/eu\/wp-json\/wp\/v2\/users\/3"}],"replies":[{"embeddable":true,"href":"https:\/\/www.k2000.com\/eu\/wp-json\/wp\/v2\/comments?post=3744"}],"version-history":[{"count":0,"href":"https:\/\/www.k2000.com\/eu\/wp-json\/wp\/v2\/pages\/3744\/revisions"}],"wp:attachment":[{"href":"https:\/\/www.k2000.com\/eu\/wp-json\/wp\/v2\/media?parent=3744"}],"curies":[{"name":"wp","href":"https:\/\/api.w.org\/{rel}","templated":true}]}}